{"id":91,"date":"2017-09-21T02:17:26","date_gmt":"2017-09-21T00:17:26","guid":{"rendered":"http:\/\/tricastinhandball.fr\/blog\/?page_id=91"},"modified":"2024-09-27T10:20:32","modified_gmt":"2024-09-27T08:20:32","slug":"contact","status":"publish","type":"page","link":"https:\/\/tricastinhandball.fr\/blog\/contact\/","title":{"rendered":"Contact"},"content":{"rendered":"<h4><\/h4>\n<h4><strong>Par t\u00e9l\u00e9phone: <\/strong>07 83 03 86 23 (Yann NEVISSAS Manager G\u00e9n\u00e9ral)<\/h4>\n<h4><strong>Par Mail via le formulaire:<\/strong><\/h4>\n\n<div class=\"wpcf7 no-js\" id=\"wpcf7-f96-o1\" lang=\"fr-FR\" dir=\"ltr\">\n<div class=\"screen-reader-response\"><p role=\"status\" aria-live=\"polite\" aria-atomic=\"true\"><\/p> <ul><\/ul><\/div>\n<form action=\"\/blog\/wp-json\/wp\/v2\/pages\/91#wpcf7-f96-o1\" method=\"post\" class=\"wpcf7-form init\" aria-label=\"Formulaire de contact\" novalidate=\"novalidate\" data-status=\"init\">\n<div style=\"display: none;\">\n<input type=\"hidden\" name=\"_wpcf7\" value=\"96\" \/>\n<input type=\"hidden\" name=\"_wpcf7_version\" value=\"5.9.8\" \/>\n<input type=\"hidden\" name=\"_wpcf7_locale\" value=\"fr_FR\" \/>\n<input type=\"hidden\" name=\"_wpcf7_unit_tag\" value=\"wpcf7-f96-o1\" \/>\n<input type=\"hidden\" name=\"_wpcf7_container_post\" value=\"0\" \/>\n<input type=\"hidden\" name=\"_wpcf7_posted_data_hash\" value=\"\" \/>\n<\/div>\n<p><label> Votre nom (obligatoire)<br \/>\n<span class=\"wpcf7-form-control-wrap\" data-name=\"your-name\"><input size=\"40\" maxlength=\"400\" class=\"wpcf7-form-control wpcf7-text wpcf7-validates-as-required\" aria-required=\"true\" aria-invalid=\"false\" value=\"\" type=\"text\" name=\"your-name\" \/><\/span> <\/label>\n<\/p>\n<p><label> Votre e-mail (obligatoire)<br \/>\n<span class=\"wpcf7-form-control-wrap\" data-name=\"your-email\"><input size=\"40\" maxlength=\"400\" class=\"wpcf7-form-control wpcf7-email wpcf7-validates-as-required wpcf7-text wpcf7-validates-as-email\" aria-required=\"true\" aria-invalid=\"false\" value=\"\" type=\"email\" name=\"your-email\" \/><\/span> <\/label>\n<\/p>\n<p><label> Sujet<br \/>\n<span class=\"wpcf7-form-control-wrap\" data-name=\"your-subject\"><input size=\"40\" maxlength=\"400\" class=\"wpcf7-form-control wpcf7-text\" aria-invalid=\"false\" value=\"\" type=\"text\" name=\"your-subject\" \/><\/span> <\/label>\n<\/p>\n<p><label> Votre message<br \/>\n<span class=\"wpcf7-form-control-wrap\" data-name=\"your-message\"><textarea cols=\"40\" rows=\"10\" maxlength=\"2000\" class=\"wpcf7-form-control wpcf7-textarea\" aria-invalid=\"false\" name=\"your-message\"><\/textarea><\/span> <\/label>\n<\/p>\n<p><input class=\"wpcf7-form-control wpcf7-submit has-spinner\" type=\"submit\" value=\"Envoyer\" \/>\n<\/p><div class=\"wpcf7-response-output\" aria-hidden=\"true\"><\/div>\n<\/form>\n<\/div>\n\n","protected":false},"excerpt":{"rendered":"<p>Par t\u00e9l\u00e9phone: 07 83 03 86 23 (Yann NEVISSAS Manager G\u00e9n\u00e9ral) Par Mail via le formulaire:<\/p>\n","protected":false},"author":1,"featured_media":0,"parent":0,"menu_order":0,"comment_status":"closed","ping_status":"closed","template":"","meta":{"footnotes":""},"yoast_head":"<!-- This site is optimized with the Yoast SEO plugin v23.4 - https:\/\/yoast.com\/wordpress\/plugins\/seo\/ -->\n<title>Contact - Entente Tricastin Handball<\/title>\n<meta name=\"robots\" content=\"index, follow, max-snippet:-1, max-image-preview:large, max-video-preview:-1\" \/>\n<link rel=\"canonical\" href=\"https:\/\/tricastinhandball.fr\/blog\/contact\/\" \/>\n<meta property=\"og:locale\" content=\"fr_FR\" \/>\n<meta property=\"og:type\" content=\"article\" \/>\n<meta property=\"og:title\" content=\"Contact - Entente Tricastin Handball\" \/>\n<meta property=\"og:description\" content=\"Par t\u00e9l\u00e9phone: 07 83 03 86 23 (Yann NEVISSAS Manager G\u00e9n\u00e9ral) Par Mail via le formulaire:\" \/>\n<meta property=\"og:url\" content=\"https:\/\/tricastinhandball.fr\/blog\/contact\/\" \/>\n<meta property=\"og:site_name\" content=\"Entente Tricastin Handball\" \/>\n<meta property=\"article:modified_time\" content=\"2024-09-27T08:20:32+00:00\" \/>\n<meta name=\"twitter:card\" content=\"summary_large_image\" \/>\n<meta name=\"twitter:label1\" content=\"Dur\u00e9e de lecture estim\u00e9e\" \/>\n\t<meta name=\"twitter:data1\" content=\"1 minute\" \/>\n<script type=\"application\/ld+json\" class=\"yoast-schema-graph\">{\"@context\":\"https:\/\/schema.org\",\"@graph\":[{\"@type\":\"WebPage\",\"@id\":\"https:\/\/tricastinhandball.fr\/blog\/contact\/\",\"url\":\"https:\/\/tricastinhandball.fr\/blog\/contact\/\",\"name\":\"Contact - Entente Tricastin Handball\",\"isPartOf\":{\"@id\":\"https:\/\/tricastinhandball.fr\/blog\/#website\"},\"datePublished\":\"2017-09-21T00:17:26+00:00\",\"dateModified\":\"2024-09-27T08:20:32+00:00\",\"breadcrumb\":{\"@id\":\"https:\/\/tricastinhandball.fr\/blog\/contact\/#breadcrumb\"},\"inLanguage\":\"fr-FR\",\"potentialAction\":[{\"@type\":\"ReadAction\",\"target\":[\"https:\/\/tricastinhandball.fr\/blog\/contact\/\"]}]},{\"@type\":\"BreadcrumbList\",\"@id\":\"https:\/\/tricastinhandball.fr\/blog\/contact\/#breadcrumb\",\"itemListElement\":[{\"@type\":\"ListItem\",\"position\":1,\"name\":\"Accueil\",\"item\":\"https:\/\/tricastinhandball.fr\/blog\/\"},{\"@type\":\"ListItem\",\"position\":2,\"name\":\"Contact\"}]},{\"@type\":\"WebSite\",\"@id\":\"https:\/\/tricastinhandball.fr\/blog\/#website\",\"url\":\"https:\/\/tricastinhandball.fr\/blog\/\",\"name\":\"Entente Tricastin Handball\",\"description\":\"\",\"publisher\":{\"@id\":\"https:\/\/tricastinhandball.fr\/blog\/#organization\"},\"potentialAction\":[{\"@type\":\"SearchAction\",\"target\":{\"@type\":\"EntryPoint\",\"urlTemplate\":\"https:\/\/tricastinhandball.fr\/blog\/?s={search_term_string}\"},\"query-input\":{\"@type\":\"PropertyValueSpecification\",\"valueRequired\":true,\"valueName\":\"search_term_string\"}}],\"inLanguage\":\"fr-FR\"},{\"@type\":\"Organization\",\"@id\":\"https:\/\/tricastinhandball.fr\/blog\/#organization\",\"name\":\"Entente Tricastin Handball\",\"url\":\"https:\/\/tricastinhandball.fr\/blog\/\",\"logo\":{\"@type\":\"ImageObject\",\"inLanguage\":\"fr-FR\",\"@id\":\"https:\/\/tricastinhandball.fr\/blog\/#\/schema\/logo\/image\/\",\"url\":\"https:\/\/tricastinhandball.fr\/blog\/wp-content\/uploads\/2017\/10\/cropped-tricastinlogo-1.png\",\"contentUrl\":\"https:\/\/tricastinhandball.fr\/blog\/wp-content\/uploads\/2017\/10\/cropped-tricastinlogo-1.png\",\"width\":449,\"height\":449,\"caption\":\"Entente Tricastin Handball\"},\"image\":{\"@id\":\"https:\/\/tricastinhandball.fr\/blog\/#\/schema\/logo\/image\/\"}}]}<\/script>\n<!-- \/ Yoast SEO plugin. -->","yoast_head_json":{"title":"Contact - Entente Tricastin Handball","robots":{"index":"index","follow":"follow","max-snippet":"max-snippet:-1","max-image-preview":"max-image-preview:large","max-video-preview":"max-video-preview:-1"},"canonical":"https:\/\/tricastinhandball.fr\/blog\/contact\/","og_locale":"fr_FR","og_type":"article","og_title":"Contact - Entente Tricastin Handball","og_description":"Par t\u00e9l\u00e9phone: 07 83 03 86 23 (Yann NEVISSAS Manager G\u00e9n\u00e9ral) Par Mail via le formulaire:","og_url":"https:\/\/tricastinhandball.fr\/blog\/contact\/","og_site_name":"Entente Tricastin Handball","article_modified_time":"2024-09-27T08:20:32+00:00","twitter_card":"summary_large_image","twitter_misc":{"Dur\u00e9e de lecture estim\u00e9e":"1 minute"},"schema":{"@context":"https:\/\/schema.org","@graph":[{"@type":"WebPage","@id":"https:\/\/tricastinhandball.fr\/blog\/contact\/","url":"https:\/\/tricastinhandball.fr\/blog\/contact\/","name":"Contact - Entente Tricastin Handball","isPartOf":{"@id":"https:\/\/tricastinhandball.fr\/blog\/#website"},"datePublished":"2017-09-21T00:17:26+00:00","dateModified":"2024-09-27T08:20:32+00:00","breadcrumb":{"@id":"https:\/\/tricastinhandball.fr\/blog\/contact\/#breadcrumb"},"inLanguage":"fr-FR","potentialAction":[{"@type":"ReadAction","target":["https:\/\/tricastinhandball.fr\/blog\/contact\/"]}]},{"@type":"BreadcrumbList","@id":"https:\/\/tricastinhandball.fr\/blog\/contact\/#breadcrumb","itemListElement":[{"@type":"ListItem","position":1,"name":"Accueil","item":"https:\/\/tricastinhandball.fr\/blog\/"},{"@type":"ListItem","position":2,"name":"Contact"}]},{"@type":"WebSite","@id":"https:\/\/tricastinhandball.fr\/blog\/#website","url":"https:\/\/tricastinhandball.fr\/blog\/","name":"Entente Tricastin Handball","description":"","publisher":{"@id":"https:\/\/tricastinhandball.fr\/blog\/#organization"},"potentialAction":[{"@type":"SearchAction","target":{"@type":"EntryPoint","urlTemplate":"https:\/\/tricastinhandball.fr\/blog\/?s={search_term_string}"},"query-input":{"@type":"PropertyValueSpecification","valueRequired":true,"valueName":"search_term_string"}}],"inLanguage":"fr-FR"},{"@type":"Organization","@id":"https:\/\/tricastinhandball.fr\/blog\/#organization","name":"Entente Tricastin Handball","url":"https:\/\/tricastinhandball.fr\/blog\/","logo":{"@type":"ImageObject","inLanguage":"fr-FR","@id":"https:\/\/tricastinhandball.fr\/blog\/#\/schema\/logo\/image\/","url":"https:\/\/tricastinhandball.fr\/blog\/wp-content\/uploads\/2017\/10\/cropped-tricastinlogo-1.png","contentUrl":"https:\/\/tricastinhandball.fr\/blog\/wp-content\/uploads\/2017\/10\/cropped-tricastinlogo-1.png","width":449,"height":449,"caption":"Entente Tricastin Handball"},"image":{"@id":"https:\/\/tricastinhandball.fr\/blog\/#\/schema\/logo\/image\/"}}]}},"_links":{"self":[{"href":"https:\/\/tricastinhandball.fr\/blog\/wp-json\/wp\/v2\/pages\/91"}],"collection":[{"href":"https:\/\/tricastinhandball.fr\/blog\/wp-json\/wp\/v2\/pages"}],"about":[{"href":"https:\/\/tricastinhandball.fr\/blog\/wp-json\/wp\/v2\/types\/page"}],"author":[{"embeddable":true,"href":"https:\/\/tricastinhandball.fr\/blog\/wp-json\/wp\/v2\/users\/1"}],"replies":[{"embeddable":true,"href":"https:\/\/tricastinhandball.fr\/blog\/wp-json\/wp\/v2\/comments?post=91"}],"version-history":[{"count":10,"href":"https:\/\/tricastinhandball.fr\/blog\/wp-json\/wp\/v2\/pages\/91\/revisions"}],"predecessor-version":[{"id":1156,"href":"https:\/\/tricastinhandball.fr\/blog\/wp-json\/wp\/v2\/pages\/91\/revisions\/1156"}],"wp:attachment":[{"href":"https:\/\/tricastinhandball.fr\/blog\/wp-json\/wp\/v2\/media?parent=91"}],"curies":[{"name":"wp","href":"https:\/\/api.w.org\/{rel}","templated":true}]}}