{"id":293,"date":"2017-10-03T11:33:03","date_gmt":"2017-10-03T09:33:03","guid":{"rendered":"http:\/\/tricastinhandball.fr\/blog\/?page_id=293"},"modified":"2024-09-27T12:24:04","modified_gmt":"2024-09-27T10:24:04","slug":"documents","status":"publish","type":"page","link":"https:\/\/tricastinhandball.fr\/blog\/documents\/","title":{"rendered":"Documents"},"content":{"rendered":"\n<p>Pour cette saison 2024-2025, vous trouverez ci-dessous les documents n\u00e9cessaires \u00e0 votre inscription : le dossier d&#8217;inscription comprenant l&#8217;ensemble des documents ci-dessous.<\/p>\n\n\n\n<p>Mis \u00e0 jour le 27\/09\/2024<\/p>\n\n\n\n<div data-wp-interactive=\"\" class=\"wp-block-file\"><object data-wp-bind--hidden=\"!selectors.core.file.hasPdfPreview\" hidden class=\"wp-block-file__embed\" data=\"http:\/\/tricastinhandball.fr\/blog\/wp-content\/uploads\/2024\/09\/Fiche-de-renseignements-24-25.pdf\" type=\"application\/pdf\" style=\"width:100%;height:600px\" aria-label=\"Contenu embarqu\u00e9 Fiche-de-renseignements-24-25.\"><\/object><a id=\"wp-block-file--media-3aced601-5eb5-4a29-a20e-f592c699a90a\" href=\"http:\/\/tricastinhandball.fr\/blog\/wp-content\/uploads\/2024\/09\/Fiche-de-renseignements-24-25.pdf\">Fiche-de-renseignements-24-25<\/a><a href=\"http:\/\/tricastinhandball.fr\/blog\/wp-content\/uploads\/2024\/09\/Fiche-de-renseignements-24-25.pdf\" class=\"wp-block-file__button wp-element-button\" download aria-describedby=\"wp-block-file--media-3aced601-5eb5-4a29-a20e-f592c699a90a\">T\u00e9l\u00e9charger<\/a><\/div>\n\n\n\n<div data-wp-interactive=\"\" class=\"wp-block-file\"><object data-wp-bind--hidden=\"!selectors.core.file.hasPdfPreview\" hidden class=\"wp-block-file__embed\" data=\"http:\/\/tricastinhandball.fr\/blog\/wp-content\/uploads\/2024\/09\/Reglement-Interieur-1.pdf\" type=\"application\/pdf\" style=\"width:100%;height:600px\" aria-label=\"Contenu embarqu\u00e9 Reglement-Interieur-1.\"><\/object><a id=\"wp-block-file--media-62558feb-2720-4725-9df4-fcef2f40d6bc\" href=\"http:\/\/tricastinhandball.fr\/blog\/wp-content\/uploads\/2024\/09\/Reglement-Interieur-1.pdf\">Reglement-Interieur-1<\/a><a href=\"http:\/\/tricastinhandball.fr\/blog\/wp-content\/uploads\/2024\/09\/Reglement-Interieur-1.pdf\" class=\"wp-block-file__button wp-element-button\" download aria-describedby=\"wp-block-file--media-62558feb-2720-4725-9df4-fcef2f40d6bc\">T\u00e9l\u00e9charger<\/a><\/div>\n\n\n\n<div data-wp-interactive=\"\" class=\"wp-block-file\"><object data-wp-bind--hidden=\"!selectors.core.file.hasPdfPreview\" hidden class=\"wp-block-file__embed\" data=\"http:\/\/tricastinhandball.fr\/blog\/wp-content\/uploads\/2024\/09\/Fiche-de-tresorerie-24-25.pdf\" type=\"application\/pdf\" style=\"width:100%;height:600px\" aria-label=\"Contenu embarqu\u00e9 Fiche-de-tresorerie-24-25.\"><\/object><a id=\"wp-block-file--media-e958c085-b4f9-46d8-9a3b-554796fed706\" href=\"http:\/\/tricastinhandball.fr\/blog\/wp-content\/uploads\/2024\/09\/Fiche-de-tresorerie-24-25.pdf\">Fiche-de-tresorerie-24-25<\/a><a href=\"http:\/\/tricastinhandball.fr\/blog\/wp-content\/uploads\/2024\/09\/Fiche-de-tresorerie-24-25.pdf\" class=\"wp-block-file__button wp-element-button\" download aria-describedby=\"wp-block-file--media-e958c085-b4f9-46d8-9a3b-554796fed706\">T\u00e9l\u00e9charger<\/a><\/div>\n\n\n\n<div data-wp-interactive=\"\" class=\"wp-block-file\"><object data-wp-bind--hidden=\"!selectors.core.file.hasPdfPreview\" hidden class=\"wp-block-file__embed\" data=\"http:\/\/tricastinhandball.fr\/blog\/wp-content\/uploads\/2024\/09\/Procedure-d-inscription-tarifs-24-25.pdf\" type=\"application\/pdf\" style=\"width:100%;height:600px\" aria-label=\"Contenu embarqu\u00e9 Procedure d-inscription - tarifs 24-25.\"><\/object><a id=\"wp-block-file--media-24beab9c-5751-45e1-9e24-8e43faf26d85\" href=\"http:\/\/tricastinhandball.fr\/blog\/wp-content\/uploads\/2024\/09\/Procedure-d-inscription-tarifs-24-25.pdf\">Procedure d-inscription &#8211; tarifs 24-25<\/a><a href=\"http:\/\/tricastinhandball.fr\/blog\/wp-content\/uploads\/2024\/09\/Procedure-d-inscription-tarifs-24-25.pdf\" class=\"wp-block-file__button wp-element-button\" download aria-describedby=\"wp-block-file--media-24beab9c-5751-45e1-9e24-8e43faf26d85\">T\u00e9l\u00e9charger<\/a><\/div>\n","protected":false},"excerpt":{"rendered":"<p>Pour cette saison 2024-2025, vous trouverez ci-dessous les documents n\u00e9cessaires \u00e0 votre inscription : le dossier d&#8217;inscription comprenant l&#8217;ensemble des documents ci-dessous. Mis \u00e0 jour le 27\/09\/2024<\/p>\n","protected":false},"author":1,"featured_media":0,"parent":0,"menu_order":0,"comment_status":"closed","ping_status":"closed","template":"","meta":{"footnotes":""},"yoast_head":"<!-- This site is optimized with the Yoast SEO plugin v23.4 - https:\/\/yoast.com\/wordpress\/plugins\/seo\/ -->\n<title>Documents - Entente Tricastin Handball<\/title>\n<meta name=\"robots\" content=\"index, follow, max-snippet:-1, max-image-preview:large, max-video-preview:-1\" \/>\n<link rel=\"canonical\" href=\"http:\/\/tricastinhandball.fr\/blog\/documents\/\" \/>\n<meta property=\"og:locale\" content=\"fr_FR\" \/>\n<meta property=\"og:type\" content=\"article\" \/>\n<meta property=\"og:title\" content=\"Documents - Entente Tricastin Handball\" \/>\n<meta property=\"og:description\" content=\"Pour cette saison 2024-2025, vous trouverez ci-dessous les documents n\u00e9cessaires \u00e0 votre inscription : le dossier d&#8217;inscription comprenant l&#8217;ensemble des documents ci-dessous. Mis \u00e0 jour le 27\/09\/2024\" \/>\n<meta property=\"og:url\" content=\"http:\/\/tricastinhandball.fr\/blog\/documents\/\" \/>\n<meta property=\"og:site_name\" content=\"Entente Tricastin Handball\" \/>\n<meta property=\"article:modified_time\" content=\"2024-09-27T10:24:04+00:00\" \/>\n<meta name=\"twitter:card\" content=\"summary_large_image\" \/>\n<meta name=\"twitter:label1\" content=\"Dur\u00e9e de lecture estim\u00e9e\" \/>\n\t<meta name=\"twitter:data1\" content=\"1 minute\" \/>\n<script type=\"application\/ld+json\" class=\"yoast-schema-graph\">{\"@context\":\"https:\/\/schema.org\",\"@graph\":[{\"@type\":\"WebPage\",\"@id\":\"http:\/\/tricastinhandball.fr\/blog\/documents\/\",\"url\":\"http:\/\/tricastinhandball.fr\/blog\/documents\/\",\"name\":\"Documents - Entente Tricastin Handball\",\"isPartOf\":{\"@id\":\"https:\/\/tricastinhandball.fr\/blog\/#website\"},\"datePublished\":\"2017-10-03T09:33:03+00:00\",\"dateModified\":\"2024-09-27T10:24:04+00:00\",\"breadcrumb\":{\"@id\":\"http:\/\/tricastinhandball.fr\/blog\/documents\/#breadcrumb\"},\"inLanguage\":\"fr-FR\",\"potentialAction\":[{\"@type\":\"ReadAction\",\"target\":[\"http:\/\/tricastinhandball.fr\/blog\/documents\/\"]}]},{\"@type\":\"BreadcrumbList\",\"@id\":\"http:\/\/tricastinhandball.fr\/blog\/documents\/#breadcrumb\",\"itemListElement\":[{\"@type\":\"ListItem\",\"position\":1,\"name\":\"Accueil\",\"item\":\"https:\/\/tricastinhandball.fr\/blog\/\"},{\"@type\":\"ListItem\",\"position\":2,\"name\":\"Documents\"}]},{\"@type\":\"WebSite\",\"@id\":\"https:\/\/tricastinhandball.fr\/blog\/#website\",\"url\":\"https:\/\/tricastinhandball.fr\/blog\/\",\"name\":\"Entente Tricastin Handball\",\"description\":\"\",\"publisher\":{\"@id\":\"https:\/\/tricastinhandball.fr\/blog\/#organization\"},\"potentialAction\":[{\"@type\":\"SearchAction\",\"target\":{\"@type\":\"EntryPoint\",\"urlTemplate\":\"https:\/\/tricastinhandball.fr\/blog\/?s={search_term_string}\"},\"query-input\":{\"@type\":\"PropertyValueSpecification\",\"valueRequired\":true,\"valueName\":\"search_term_string\"}}],\"inLanguage\":\"fr-FR\"},{\"@type\":\"Organization\",\"@id\":\"https:\/\/tricastinhandball.fr\/blog\/#organization\",\"name\":\"Entente Tricastin Handball\",\"url\":\"https:\/\/tricastinhandball.fr\/blog\/\",\"logo\":{\"@type\":\"ImageObject\",\"inLanguage\":\"fr-FR\",\"@id\":\"https:\/\/tricastinhandball.fr\/blog\/#\/schema\/logo\/image\/\",\"url\":\"https:\/\/tricastinhandball.fr\/blog\/wp-content\/uploads\/2017\/10\/cropped-tricastinlogo-1.png\",\"contentUrl\":\"https:\/\/tricastinhandball.fr\/blog\/wp-content\/uploads\/2017\/10\/cropped-tricastinlogo-1.png\",\"width\":449,\"height\":449,\"caption\":\"Entente Tricastin Handball\"},\"image\":{\"@id\":\"https:\/\/tricastinhandball.fr\/blog\/#\/schema\/logo\/image\/\"}}]}<\/script>\n<!-- \/ Yoast SEO plugin. -->","yoast_head_json":{"title":"Documents - Entente Tricastin Handball","robots":{"index":"index","follow":"follow","max-snippet":"max-snippet:-1","max-image-preview":"max-image-preview:large","max-video-preview":"max-video-preview:-1"},"canonical":"http:\/\/tricastinhandball.fr\/blog\/documents\/","og_locale":"fr_FR","og_type":"article","og_title":"Documents - Entente Tricastin Handball","og_description":"Pour cette saison 2024-2025, vous trouverez ci-dessous les documents n\u00e9cessaires \u00e0 votre inscription : le dossier d&#8217;inscription comprenant l&#8217;ensemble des documents ci-dessous. Mis \u00e0 jour le 27\/09\/2024","og_url":"http:\/\/tricastinhandball.fr\/blog\/documents\/","og_site_name":"Entente Tricastin Handball","article_modified_time":"2024-09-27T10:24:04+00:00","twitter_card":"summary_large_image","twitter_misc":{"Dur\u00e9e de lecture estim\u00e9e":"1 minute"},"schema":{"@context":"https:\/\/schema.org","@graph":[{"@type":"WebPage","@id":"http:\/\/tricastinhandball.fr\/blog\/documents\/","url":"http:\/\/tricastinhandball.fr\/blog\/documents\/","name":"Documents - Entente Tricastin Handball","isPartOf":{"@id":"https:\/\/tricastinhandball.fr\/blog\/#website"},"datePublished":"2017-10-03T09:33:03+00:00","dateModified":"2024-09-27T10:24:04+00:00","breadcrumb":{"@id":"http:\/\/tricastinhandball.fr\/blog\/documents\/#breadcrumb"},"inLanguage":"fr-FR","potentialAction":[{"@type":"ReadAction","target":["http:\/\/tricastinhandball.fr\/blog\/documents\/"]}]},{"@type":"BreadcrumbList","@id":"http:\/\/tricastinhandball.fr\/blog\/documents\/#breadcrumb","itemListElement":[{"@type":"ListItem","position":1,"name":"Accueil","item":"https:\/\/tricastinhandball.fr\/blog\/"},{"@type":"ListItem","position":2,"name":"Documents"}]},{"@type":"WebSite","@id":"https:\/\/tricastinhandball.fr\/blog\/#website","url":"https:\/\/tricastinhandball.fr\/blog\/","name":"Entente Tricastin Handball","description":"","publisher":{"@id":"https:\/\/tricastinhandball.fr\/blog\/#organization"},"potentialAction":[{"@type":"SearchAction","target":{"@type":"EntryPoint","urlTemplate":"https:\/\/tricastinhandball.fr\/blog\/?s={search_term_string}"},"query-input":{"@type":"PropertyValueSpecification","valueRequired":true,"valueName":"search_term_string"}}],"inLanguage":"fr-FR"},{"@type":"Organization","@id":"https:\/\/tricastinhandball.fr\/blog\/#organization","name":"Entente Tricastin Handball","url":"https:\/\/tricastinhandball.fr\/blog\/","logo":{"@type":"ImageObject","inLanguage":"fr-FR","@id":"https:\/\/tricastinhandball.fr\/blog\/#\/schema\/logo\/image\/","url":"https:\/\/tricastinhandball.fr\/blog\/wp-content\/uploads\/2017\/10\/cropped-tricastinlogo-1.png","contentUrl":"https:\/\/tricastinhandball.fr\/blog\/wp-content\/uploads\/2017\/10\/cropped-tricastinlogo-1.png","width":449,"height":449,"caption":"Entente Tricastin Handball"},"image":{"@id":"https:\/\/tricastinhandball.fr\/blog\/#\/schema\/logo\/image\/"}}]}},"_links":{"self":[{"href":"https:\/\/tricastinhandball.fr\/blog\/wp-json\/wp\/v2\/pages\/293"}],"collection":[{"href":"https:\/\/tricastinhandball.fr\/blog\/wp-json\/wp\/v2\/pages"}],"about":[{"href":"https:\/\/tricastinhandball.fr\/blog\/wp-json\/wp\/v2\/types\/page"}],"author":[{"embeddable":true,"href":"https:\/\/tricastinhandball.fr\/blog\/wp-json\/wp\/v2\/users\/1"}],"replies":[{"embeddable":true,"href":"https:\/\/tricastinhandball.fr\/blog\/wp-json\/wp\/v2\/comments?post=293"}],"version-history":[{"count":40,"href":"https:\/\/tricastinhandball.fr\/blog\/wp-json\/wp\/v2\/pages\/293\/revisions"}],"predecessor-version":[{"id":1622,"href":"https:\/\/tricastinhandball.fr\/blog\/wp-json\/wp\/v2\/pages\/293\/revisions\/1622"}],"wp:attachment":[{"href":"https:\/\/tricastinhandball.fr\/blog\/wp-json\/wp\/v2\/media?parent=293"}],"curies":[{"name":"wp","href":"https:\/\/api.w.org\/{rel}","templated":true}]}}