{"id":1443,"date":"2023-04-06T10:01:06","date_gmt":"2023-04-06T08:01:06","guid":{"rendered":"http:\/\/tricastinhandball.fr\/blog\/?page_id=1443"},"modified":"2024-09-27T12:09:24","modified_gmt":"2024-09-27T10:09:24","slug":"notre-bureau","status":"publish","type":"page","link":"https:\/\/tricastinhandball.fr\/blog\/notre-bureau\/","title":{"rendered":"Notre bureau"},"content":{"rendered":"\n<p>Pour cette saison 2024-2025, nous continuons notre direction coll\u00e9giale.<\/p>\n\n\n\n<p><strong>Qu&#8217;est ce qu&#8217;une coll\u00e9giale ?<\/strong><\/p>\n\n\n\n<p>Dans la gouvernance coll\u00e9giale, les responsabilit\u00e9s sont partag\u00e9es et l&#8217;autorit\u00e9 est distribu\u00e9e entre plusieurs personnes qui n&#8217;ont pas de lien hi\u00e9rarchique entre elles. Chacun (e) est responsable d&#8217;une partie de l&#8217;activit\u00e9 de l&#8217;association et nous d\u00e9cidons ensemble les d\u00e9cisions importantes.<\/p>\n\n\n\n<p><strong>Vous trouverez ici \ud83d\udc47\ud83c\udffcvos interlocuteurs <\/strong>:<\/p>\n\n\n\n<figure class=\"wp-block-image size-full\"><img loading=\"lazy\" decoding=\"async\" width=\"991\" height=\"553\" src=\"http:\/\/tricastinhandball.fr\/blog\/wp-content\/uploads\/2024\/09\/ORGANIGRAMME-2024-2025.png\" alt=\"\" class=\"wp-image-1599\" srcset=\"https:\/\/tricastinhandball.fr\/blog\/wp-content\/uploads\/2024\/09\/ORGANIGRAMME-2024-2025.png 991w, https:\/\/tricastinhandball.fr\/blog\/wp-content\/uploads\/2024\/09\/ORGANIGRAMME-2024-2025-300x167.png 300w, https:\/\/tricastinhandball.fr\/blog\/wp-content\/uploads\/2024\/09\/ORGANIGRAMME-2024-2025-768x429.png 768w\" sizes=\"(max-width: 991px) 100vw, 991px\" \/><\/figure>\n","protected":false},"excerpt":{"rendered":"<p>Pour cette saison 2024-2025, nous continuons notre direction coll\u00e9giale. Qu&#8217;est ce qu&#8217;une coll\u00e9giale ? Dans la gouvernance coll\u00e9giale, les responsabilit\u00e9s sont partag\u00e9es et l&#8217;autorit\u00e9 est distribu\u00e9e entre plusieurs personnes qui n&#8217;ont pas de lien hi\u00e9rarchique entre elles. Chacun (e) est responsable d&#8217;une partie de l&#8217;activit\u00e9 de l&#8217;association et nous d\u00e9cidons ensemble les d\u00e9cisions importantes. Vous <a href=\"https:\/\/tricastinhandball.fr\/blog\/notre-bureau\/\" rel=\"nofollow\"><span class=\"sr-only\">En savoir plus surNotre bureau<\/span>[&hellip;]<\/a><\/p>\n","protected":false},"author":1,"featured_media":0,"parent":0,"menu_order":0,"comment_status":"closed","ping_status":"closed","template":"","meta":{"footnotes":""},"yoast_head":"<!-- This site is optimized with the Yoast SEO plugin v23.4 - https:\/\/yoast.com\/wordpress\/plugins\/seo\/ -->\n<title>Notre bureau - Entente Tricastin Handball<\/title>\n<meta name=\"robots\" content=\"index, follow, max-snippet:-1, max-image-preview:large, max-video-preview:-1\" \/>\n<link rel=\"canonical\" href=\"https:\/\/tricastinhandball.fr\/blog\/notre-bureau\/\" \/>\n<meta property=\"og:locale\" content=\"fr_FR\" \/>\n<meta property=\"og:type\" content=\"article\" \/>\n<meta property=\"og:title\" content=\"Notre bureau - Entente Tricastin Handball\" \/>\n<meta property=\"og:description\" content=\"Pour cette saison 2024-2025, nous continuons notre direction coll\u00e9giale. Qu&#8217;est ce qu&#8217;une coll\u00e9giale ? Dans la gouvernance coll\u00e9giale, les responsabilit\u00e9s sont partag\u00e9es et l&#8217;autorit\u00e9 est distribu\u00e9e entre plusieurs personnes qui n&#8217;ont pas de lien hi\u00e9rarchique entre elles. Chacun (e) est responsable d&#8217;une partie de l&#8217;activit\u00e9 de l&#8217;association et nous d\u00e9cidons ensemble les d\u00e9cisions importantes. Vous En savoir plus surNotre bureau[&hellip;]\" \/>\n<meta property=\"og:url\" content=\"https:\/\/tricastinhandball.fr\/blog\/notre-bureau\/\" \/>\n<meta property=\"og:site_name\" content=\"Entente Tricastin Handball\" \/>\n<meta property=\"article:modified_time\" content=\"2024-09-27T10:09:24+00:00\" \/>\n<meta property=\"og:image\" content=\"http:\/\/tricastinhandball.fr\/blog\/wp-content\/uploads\/2024\/09\/ORGANIGRAMME-2024-2025.png\" \/>\n<meta name=\"twitter:card\" content=\"summary_large_image\" \/>\n<meta name=\"twitter:label1\" content=\"Dur\u00e9e de lecture estim\u00e9e\" \/>\n\t<meta name=\"twitter:data1\" content=\"1 minute\" \/>\n<script type=\"application\/ld+json\" class=\"yoast-schema-graph\">{\"@context\":\"https:\/\/schema.org\",\"@graph\":[{\"@type\":\"WebPage\",\"@id\":\"https:\/\/tricastinhandball.fr\/blog\/notre-bureau\/\",\"url\":\"https:\/\/tricastinhandball.fr\/blog\/notre-bureau\/\",\"name\":\"Notre bureau - Entente Tricastin Handball\",\"isPartOf\":{\"@id\":\"https:\/\/tricastinhandball.fr\/blog\/#website\"},\"primaryImageOfPage\":{\"@id\":\"https:\/\/tricastinhandball.fr\/blog\/notre-bureau\/#primaryimage\"},\"image\":{\"@id\":\"https:\/\/tricastinhandball.fr\/blog\/notre-bureau\/#primaryimage\"},\"thumbnailUrl\":\"http:\/\/tricastinhandball.fr\/blog\/wp-content\/uploads\/2024\/09\/ORGANIGRAMME-2024-2025.png\",\"datePublished\":\"2023-04-06T08:01:06+00:00\",\"dateModified\":\"2024-09-27T10:09:24+00:00\",\"breadcrumb\":{\"@id\":\"https:\/\/tricastinhandball.fr\/blog\/notre-bureau\/#breadcrumb\"},\"inLanguage\":\"fr-FR\",\"potentialAction\":[{\"@type\":\"ReadAction\",\"target\":[\"https:\/\/tricastinhandball.fr\/blog\/notre-bureau\/\"]}]},{\"@type\":\"ImageObject\",\"inLanguage\":\"fr-FR\",\"@id\":\"https:\/\/tricastinhandball.fr\/blog\/notre-bureau\/#primaryimage\",\"url\":\"https:\/\/tricastinhandball.fr\/blog\/wp-content\/uploads\/2024\/09\/ORGANIGRAMME-2024-2025.png\",\"contentUrl\":\"https:\/\/tricastinhandball.fr\/blog\/wp-content\/uploads\/2024\/09\/ORGANIGRAMME-2024-2025.png\",\"width\":991,\"height\":553},{\"@type\":\"BreadcrumbList\",\"@id\":\"https:\/\/tricastinhandball.fr\/blog\/notre-bureau\/#breadcrumb\",\"itemListElement\":[{\"@type\":\"ListItem\",\"position\":1,\"name\":\"Accueil\",\"item\":\"https:\/\/tricastinhandball.fr\/blog\/\"},{\"@type\":\"ListItem\",\"position\":2,\"name\":\"Notre bureau\"}]},{\"@type\":\"WebSite\",\"@id\":\"https:\/\/tricastinhandball.fr\/blog\/#website\",\"url\":\"https:\/\/tricastinhandball.fr\/blog\/\",\"name\":\"Entente Tricastin Handball\",\"description\":\"\",\"publisher\":{\"@id\":\"https:\/\/tricastinhandball.fr\/blog\/#organization\"},\"potentialAction\":[{\"@type\":\"SearchAction\",\"target\":{\"@type\":\"EntryPoint\",\"urlTemplate\":\"https:\/\/tricastinhandball.fr\/blog\/?s={search_term_string}\"},\"query-input\":{\"@type\":\"PropertyValueSpecification\",\"valueRequired\":true,\"valueName\":\"search_term_string\"}}],\"inLanguage\":\"fr-FR\"},{\"@type\":\"Organization\",\"@id\":\"https:\/\/tricastinhandball.fr\/blog\/#organization\",\"name\":\"Entente Tricastin Handball\",\"url\":\"https:\/\/tricastinhandball.fr\/blog\/\",\"logo\":{\"@type\":\"ImageObject\",\"inLanguage\":\"fr-FR\",\"@id\":\"https:\/\/tricastinhandball.fr\/blog\/#\/schema\/logo\/image\/\",\"url\":\"https:\/\/tricastinhandball.fr\/blog\/wp-content\/uploads\/2017\/10\/cropped-tricastinlogo-1.png\",\"contentUrl\":\"https:\/\/tricastinhandball.fr\/blog\/wp-content\/uploads\/2017\/10\/cropped-tricastinlogo-1.png\",\"width\":449,\"height\":449,\"caption\":\"Entente Tricastin Handball\"},\"image\":{\"@id\":\"https:\/\/tricastinhandball.fr\/blog\/#\/schema\/logo\/image\/\"}}]}<\/script>\n<!-- \/ Yoast SEO plugin. -->","yoast_head_json":{"title":"Notre bureau - Entente Tricastin Handball","robots":{"index":"index","follow":"follow","max-snippet":"max-snippet:-1","max-image-preview":"max-image-preview:large","max-video-preview":"max-video-preview:-1"},"canonical":"https:\/\/tricastinhandball.fr\/blog\/notre-bureau\/","og_locale":"fr_FR","og_type":"article","og_title":"Notre bureau - Entente Tricastin Handball","og_description":"Pour cette saison 2024-2025, nous continuons notre direction coll\u00e9giale. Qu&#8217;est ce qu&#8217;une coll\u00e9giale ? Dans la gouvernance coll\u00e9giale, les responsabilit\u00e9s sont partag\u00e9es et l&#8217;autorit\u00e9 est distribu\u00e9e entre plusieurs personnes qui n&#8217;ont pas de lien hi\u00e9rarchique entre elles. Chacun (e) est responsable d&#8217;une partie de l&#8217;activit\u00e9 de l&#8217;association et nous d\u00e9cidons ensemble les d\u00e9cisions importantes. Vous En savoir plus surNotre bureau[&hellip;]","og_url":"https:\/\/tricastinhandball.fr\/blog\/notre-bureau\/","og_site_name":"Entente Tricastin Handball","article_modified_time":"2024-09-27T10:09:24+00:00","og_image":[{"url":"http:\/\/tricastinhandball.fr\/blog\/wp-content\/uploads\/2024\/09\/ORGANIGRAMME-2024-2025.png"}],"twitter_card":"summary_large_image","twitter_misc":{"Dur\u00e9e de lecture estim\u00e9e":"1 minute"},"schema":{"@context":"https:\/\/schema.org","@graph":[{"@type":"WebPage","@id":"https:\/\/tricastinhandball.fr\/blog\/notre-bureau\/","url":"https:\/\/tricastinhandball.fr\/blog\/notre-bureau\/","name":"Notre bureau - Entente Tricastin Handball","isPartOf":{"@id":"https:\/\/tricastinhandball.fr\/blog\/#website"},"primaryImageOfPage":{"@id":"https:\/\/tricastinhandball.fr\/blog\/notre-bureau\/#primaryimage"},"image":{"@id":"https:\/\/tricastinhandball.fr\/blog\/notre-bureau\/#primaryimage"},"thumbnailUrl":"http:\/\/tricastinhandball.fr\/blog\/wp-content\/uploads\/2024\/09\/ORGANIGRAMME-2024-2025.png","datePublished":"2023-04-06T08:01:06+00:00","dateModified":"2024-09-27T10:09:24+00:00","breadcrumb":{"@id":"https:\/\/tricastinhandball.fr\/blog\/notre-bureau\/#breadcrumb"},"inLanguage":"fr-FR","potentialAction":[{"@type":"ReadAction","target":["https:\/\/tricastinhandball.fr\/blog\/notre-bureau\/"]}]},{"@type":"ImageObject","inLanguage":"fr-FR","@id":"https:\/\/tricastinhandball.fr\/blog\/notre-bureau\/#primaryimage","url":"https:\/\/tricastinhandball.fr\/blog\/wp-content\/uploads\/2024\/09\/ORGANIGRAMME-2024-2025.png","contentUrl":"https:\/\/tricastinhandball.fr\/blog\/wp-content\/uploads\/2024\/09\/ORGANIGRAMME-2024-2025.png","width":991,"height":553},{"@type":"BreadcrumbList","@id":"https:\/\/tricastinhandball.fr\/blog\/notre-bureau\/#breadcrumb","itemListElement":[{"@type":"ListItem","position":1,"name":"Accueil","item":"https:\/\/tricastinhandball.fr\/blog\/"},{"@type":"ListItem","position":2,"name":"Notre bureau"}]},{"@type":"WebSite","@id":"https:\/\/tricastinhandball.fr\/blog\/#website","url":"https:\/\/tricastinhandball.fr\/blog\/","name":"Entente Tricastin Handball","description":"","publisher":{"@id":"https:\/\/tricastinhandball.fr\/blog\/#organization"},"potentialAction":[{"@type":"SearchAction","target":{"@type":"EntryPoint","urlTemplate":"https:\/\/tricastinhandball.fr\/blog\/?s={search_term_string}"},"query-input":{"@type":"PropertyValueSpecification","valueRequired":true,"valueName":"search_term_string"}}],"inLanguage":"fr-FR"},{"@type":"Organization","@id":"https:\/\/tricastinhandball.fr\/blog\/#organization","name":"Entente Tricastin Handball","url":"https:\/\/tricastinhandball.fr\/blog\/","logo":{"@type":"ImageObject","inLanguage":"fr-FR","@id":"https:\/\/tricastinhandball.fr\/blog\/#\/schema\/logo\/image\/","url":"https:\/\/tricastinhandball.fr\/blog\/wp-content\/uploads\/2017\/10\/cropped-tricastinlogo-1.png","contentUrl":"https:\/\/tricastinhandball.fr\/blog\/wp-content\/uploads\/2017\/10\/cropped-tricastinlogo-1.png","width":449,"height":449,"caption":"Entente Tricastin Handball"},"image":{"@id":"https:\/\/tricastinhandball.fr\/blog\/#\/schema\/logo\/image\/"}}]}},"_links":{"self":[{"href":"https:\/\/tricastinhandball.fr\/blog\/wp-json\/wp\/v2\/pages\/1443"}],"collection":[{"href":"https:\/\/tricastinhandball.fr\/blog\/wp-json\/wp\/v2\/pages"}],"about":[{"href":"https:\/\/tricastinhandball.fr\/blog\/wp-json\/wp\/v2\/types\/page"}],"author":[{"embeddable":true,"href":"https:\/\/tricastinhandball.fr\/blog\/wp-json\/wp\/v2\/users\/1"}],"replies":[{"embeddable":true,"href":"https:\/\/tricastinhandball.fr\/blog\/wp-json\/wp\/v2\/comments?post=1443"}],"version-history":[{"count":7,"href":"https:\/\/tricastinhandball.fr\/blog\/wp-json\/wp\/v2\/pages\/1443\/revisions"}],"predecessor-version":[{"id":1616,"href":"https:\/\/tricastinhandball.fr\/blog\/wp-json\/wp\/v2\/pages\/1443\/revisions\/1616"}],"wp:attachment":[{"href":"https:\/\/tricastinhandball.fr\/blog\/wp-json\/wp\/v2\/media?parent=1443"}],"curies":[{"name":"wp","href":"https:\/\/api.w.org\/{rel}","templated":true}]}}